{"id":302,"date":"2018-06-28T16:26:11","date_gmt":"2018-06-28T16:26:11","guid":{"rendered":"https:\/\/app.blv.foodcase-services.com\/informationen\/"},"modified":"2022-06-14T09:11:39","modified_gmt":"2022-06-14T07:11:39","slug":"informationen","status":"publish","type":"page","link":"https:\/\/webapp.test.blv.foodcase-services.com\/de\/informationen\/","title":{"rendered":"Informationen"},"content":{"rendered":"<div class=\"fusion-fullwidth fullwidth-box fusion-builder-row-1 nonhundred-percent-fullwidth non-hundred-percent-height-scrolling\" style=\"background-color: #ffffff;background-position: center center;background-repeat: no-repeat;padding-top:60px;padding-right:0px;padding-bottom:60px;padding-left:0px;margin-bottom: 0px;border-width: 0px 0px 0px 0px;border-color:#eae9e9;border-style:solid;\" ><div class=\"fusion-builder-row fusion-row\"><div class=\"fusion-layout-column fusion_builder_column fusion-builder-column-0 fusion_builder_column_1_6 1_6 fusion-one-sixth fusion-column-first\" style=\"width:16.666666666667%;width:calc(16.666666666667% - ( ( 4% + 4% ) * 0.16666666666667 ) );margin-right: 4%;margin-top:0px;margin-bottom:20px;\"><div class=\"fusion-column-wrapper fusion-flex-column-wrapper-legacy\" style=\"background-position:left top;background-repeat:no-repeat;-webkit-background-size:cover;-moz-background-size:cover;-o-background-size:cover;background-size:cover;padding: 0px 0px 0px 0px;\"><div class=\"fusion-clearfix\"><\/div><\/div><\/div><div class=\"fusion-layout-column fusion_builder_column fusion-builder-column-1 fusion_builder_column_2_3 2_3 fusion-two-third\" style=\"width:66.666666666667%;width:calc(66.666666666667% - ( ( 4% + 4% ) * 0.66666666666667 ) );margin-right: 4%;margin-top:0px;margin-bottom:20px;\"><div class=\"fusion-column-wrapper fusion-flex-column-wrapper-legacy\" style=\"background-position:left top;background-repeat:no-repeat;-webkit-background-size:cover;-moz-background-size:cover;-o-background-size:cover;background-size:cover;padding: 0px 0px 0px 0px;\"><div class=\"fusion-text fusion-text-1\"><p class=\"heading-section\">Die Schweizer N\u00e4hrwertdatenbank enth\u00e4lt Information \u00fcber die Zusammensetzung von in der Schweiz erh\u00e4ltlichen Lebensmitteln.<\/p>\n<p>Das Bundesamt f\u00fcr Lebensmittelsicherheit und Veterin\u00e4rwesen BLV stellt die Daten allen Interessierten kostenlos in 4 Sprachen (Deutsch, Franz\u00f6sisch, Italienisch, Englisch) zur Verf\u00fcgung. Die Daten d\u00fcrfen unter Quellenangabe auch f\u00fcr kommerzielle (z.B. Einbindung in N\u00e4hrwertberechnungssoftware oder Ern\u00e4hrungstagebuch-App) und wissenschaftliche Zwecke verwendet werden.<\/p>\n<p>Die aktuelle Version der Schweizer N\u00e4hrwertdatenbank (V 6.4) enth\u00e4lt rund 1&#8217;130 Lebensmittel, die in 19 Ober- und 104 Unterkategorien eingeteilt sind.<\/p>\n<p>Von fast allen in der Datenbank enthaltenen Lebensmitteln sind vollst\u00e4ndige Angaben zu den Makron\u00e4hrstoffen (Fett, Kohlenhydrate, Zucker, Nahrungsfasern, Protein) sowie zu Wasser-, Alkohol- und Energiegehalt vorhanden. Zus\u00e4tzlich ist auch f\u00fcr die meisten Lebensmittel der Gehalt an Mikron\u00e4hrstoffen (Vitamine, Mineralstoffe) sowie die Zusammensetzung der Fette (ges\u00e4ttigt, einfach unges\u00e4ttigt, mehrfach unges\u00e4ttigt) aufgef\u00fchrt.<\/p>\n<\/div><div class=\"fusion-clearfix\"><\/div><\/div><\/div><div class=\"fusion-layout-column fusion_builder_column fusion-builder-column-2 fusion_builder_column_1_6 1_6 fusion-one-sixth fusion-column-last heading-section\" style=\"width:16.666666666667%;width:calc(16.666666666667% - ( ( 4% + 4% ) * 0.16666666666667 ) );margin-top:0px;margin-bottom:20px;\"><div class=\"fusion-column-wrapper fusion-flex-column-wrapper-legacy\" style=\"background-position:left top;background-repeat:no-repeat;-webkit-background-size:cover;-moz-background-size:cover;-o-background-size:cover;background-size:cover;padding: 0px 0px 0px 0px;\"><div class=\"fusion-clearfix\"><\/div><\/div><\/div><\/div><\/div>\n","protected":false},"excerpt":{"rendered":"","protected":false},"author":2,"featured_media":0,"parent":0,"menu_order":0,"comment_status":"closed","ping_status":"closed","template":"100-width.php","meta":{"footnotes":""},"class_list":["post-302","page","type-page","status-publish","hentry"],"yoast_head":"<!-- This site is optimized with the Yoast SEO plugin v23.9 - https:\/\/yoast.com\/wordpress\/plugins\/seo\/ -->\n<title>Informationen - The Swiss Food Composition Database<\/title>\n<meta name=\"robots\" content=\"index, follow, max-snippet:-1, max-image-preview:large, max-video-preview:-1\" \/>\n<link rel=\"canonical\" href=\"https:\/\/webapp.test.blv.foodcase-services.com\/de\/informationen\/\" \/>\n<meta property=\"og:locale\" content=\"de_DE\" \/>\n<meta property=\"og:type\" content=\"article\" \/>\n<meta property=\"og:title\" content=\"Informationen - The Swiss Food Composition Database\" \/>\n<meta property=\"og:url\" content=\"https:\/\/webapp.test.blv.foodcase-services.com\/de\/informationen\/\" \/>\n<meta property=\"og:site_name\" content=\"The Swiss Food Composition Database\" \/>\n<meta property=\"article:modified_time\" content=\"2022-06-14T07:11:39+00:00\" \/>\n<meta name=\"twitter:card\" content=\"summary_large_image\" \/>\n<meta name=\"twitter:label1\" content=\"Gesch\u00e4tzte Lesezeit\" \/>\n\t<meta name=\"twitter:data1\" content=\"3\u00a0Minuten\" \/>\n<script type=\"application\/ld+json\" class=\"yoast-schema-graph\">{\"@context\":\"https:\/\/schema.org\",\"@graph\":[{\"@type\":\"WebPage\",\"@id\":\"https:\/\/webapp.test.blv.foodcase-services.com\/de\/informationen\/\",\"url\":\"https:\/\/webapp.test.blv.foodcase-services.com\/de\/informationen\/\",\"name\":\"Informationen - The Swiss Food Composition Database\",\"isPartOf\":{\"@id\":\"https:\/\/webapp.test.blv.foodcase-services.com\/en\/#website\"},\"datePublished\":\"2018-06-28T16:26:11+00:00\",\"dateModified\":\"2022-06-14T07:11:39+00:00\",\"breadcrumb\":{\"@id\":\"https:\/\/webapp.test.blv.foodcase-services.com\/de\/informationen\/#breadcrumb\"},\"inLanguage\":\"de\",\"potentialAction\":[{\"@type\":\"ReadAction\",\"target\":[\"https:\/\/webapp.test.blv.foodcase-services.com\/de\/informationen\/\"]}]},{\"@type\":\"BreadcrumbList\",\"@id\":\"https:\/\/webapp.test.blv.foodcase-services.com\/de\/informationen\/#breadcrumb\",\"itemListElement\":[{\"@type\":\"ListItem\",\"position\":1,\"name\":\"Home\",\"item\":\"https:\/\/webapp.test.blv.foodcase-services.com\/de\/\"},{\"@type\":\"ListItem\",\"position\":2,\"name\":\"Informationen\"}]},{\"@type\":\"WebSite\",\"@id\":\"https:\/\/webapp.test.blv.foodcase-services.com\/en\/#website\",\"url\":\"https:\/\/webapp.test.blv.foodcase-services.com\/en\/\",\"name\":\"The Swiss Food Composition Database\",\"description\":\"The Swiss Food Composition Database is a data collection of the Federal Food Safety and Veterinary Office FSVO on the composition of foods that are available in Switzerland.\",\"potentialAction\":[{\"@type\":\"SearchAction\",\"target\":{\"@type\":\"EntryPoint\",\"urlTemplate\":\"https:\/\/webapp.test.blv.foodcase-services.com\/en\/?s={search_term_string}\"},\"query-input\":{\"@type\":\"PropertyValueSpecification\",\"valueRequired\":true,\"valueName\":\"search_term_string\"}}],\"inLanguage\":\"de\"}]}<\/script>\n<!-- \/ Yoast SEO plugin. -->","yoast_head_json":{"title":"Informationen - The Swiss Food Composition Database","robots":{"index":"index","follow":"follow","max-snippet":"max-snippet:-1","max-image-preview":"max-image-preview:large","max-video-preview":"max-video-preview:-1"},"canonical":"https:\/\/webapp.test.blv.foodcase-services.com\/de\/informationen\/","og_locale":"de_DE","og_type":"article","og_title":"Informationen - The Swiss Food Composition Database","og_url":"https:\/\/webapp.test.blv.foodcase-services.com\/de\/informationen\/","og_site_name":"The Swiss Food Composition Database","article_modified_time":"2022-06-14T07:11:39+00:00","twitter_card":"summary_large_image","twitter_misc":{"Gesch\u00e4tzte Lesezeit":"3\u00a0Minuten"},"schema":{"@context":"https:\/\/schema.org","@graph":[{"@type":"WebPage","@id":"https:\/\/webapp.test.blv.foodcase-services.com\/de\/informationen\/","url":"https:\/\/webapp.test.blv.foodcase-services.com\/de\/informationen\/","name":"Informationen - The Swiss Food Composition Database","isPartOf":{"@id":"https:\/\/webapp.test.blv.foodcase-services.com\/en\/#website"},"datePublished":"2018-06-28T16:26:11+00:00","dateModified":"2022-06-14T07:11:39+00:00","breadcrumb":{"@id":"https:\/\/webapp.test.blv.foodcase-services.com\/de\/informationen\/#breadcrumb"},"inLanguage":"de","potentialAction":[{"@type":"ReadAction","target":["https:\/\/webapp.test.blv.foodcase-services.com\/de\/informationen\/"]}]},{"@type":"BreadcrumbList","@id":"https:\/\/webapp.test.blv.foodcase-services.com\/de\/informationen\/#breadcrumb","itemListElement":[{"@type":"ListItem","position":1,"name":"Home","item":"https:\/\/webapp.test.blv.foodcase-services.com\/de\/"},{"@type":"ListItem","position":2,"name":"Informationen"}]},{"@type":"WebSite","@id":"https:\/\/webapp.test.blv.foodcase-services.com\/en\/#website","url":"https:\/\/webapp.test.blv.foodcase-services.com\/en\/","name":"The Swiss Food Composition Database","description":"The Swiss Food Composition Database is a data collection of the Federal Food Safety and Veterinary Office FSVO on the composition of foods that are available in Switzerland.","potentialAction":[{"@type":"SearchAction","target":{"@type":"EntryPoint","urlTemplate":"https:\/\/webapp.test.blv.foodcase-services.com\/en\/?s={search_term_string}"},"query-input":{"@type":"PropertyValueSpecification","valueRequired":true,"valueName":"search_term_string"}}],"inLanguage":"de"}]}},"_links":{"self":[{"href":"https:\/\/webapp.test.blv.foodcase-services.com\/de\/wp-json\/wp\/v2\/pages\/302","targetHints":{"allow":["GET"]}}],"collection":[{"href":"https:\/\/webapp.test.blv.foodcase-services.com\/de\/wp-json\/wp\/v2\/pages"}],"about":[{"href":"https:\/\/webapp.test.blv.foodcase-services.com\/de\/wp-json\/wp\/v2\/types\/page"}],"author":[{"embeddable":true,"href":"https:\/\/webapp.test.blv.foodcase-services.com\/de\/wp-json\/wp\/v2\/users\/2"}],"replies":[{"embeddable":true,"href":"https:\/\/webapp.test.blv.foodcase-services.com\/de\/wp-json\/wp\/v2\/comments?post=302"}],"version-history":[{"count":16,"href":"https:\/\/webapp.test.blv.foodcase-services.com\/de\/wp-json\/wp\/v2\/pages\/302\/revisions"}],"predecessor-version":[{"id":1942,"href":"https:\/\/webapp.test.blv.foodcase-services.com\/de\/wp-json\/wp\/v2\/pages\/302\/revisions\/1942"}],"wp:attachment":[{"href":"https:\/\/webapp.test.blv.foodcase-services.com\/de\/wp-json\/wp\/v2\/media?parent=302"}],"curies":[{"name":"wp","href":"https:\/\/api.w.org\/{rel}","templated":true}]}}