{"id":982,"date":"2018-10-16T05:45:58","date_gmt":"2018-10-16T05:45:58","guid":{"rendered":"https:\/\/app.blv.foodcase-services.com\/?page_id=982"},"modified":"2021-03-02T09:36:21","modified_gmt":"2021-03-02T08:36:21","slug":"informationen-2-2","status":"publish","type":"page","link":"https:\/\/webapp.test.blv.foodcase-services.com\/de\/informationen-2-2\/","title":{"rendered":"Abk\u00fcrzungen"},"content":{"rendered":"<div class=\"fusion-fullwidth fullwidth-box fusion-builder-row-1 nonhundred-percent-fullwidth non-hundred-percent-height-scrolling\" style=\"background-color: #ffffff;background-position: center center;background-repeat: no-repeat;padding-top:60px;padding-right:0px;padding-bottom:60px;padding-left:0px;margin-bottom: 0px;border-width: 0px 0px 0px 0px;border-color:#eae9e9;border-style:solid;\" ><div class=\"fusion-builder-row fusion-row\"><div class=\"fusion-layout-column fusion_builder_column fusion-builder-column-0 fusion_builder_column_1_6 1_6 fusion-one-sixth fusion-column-first\" style=\"width:16.666666666667%;width:calc(16.666666666667% - ( ( 4% + 4% ) * 0.16666666666667 ) );margin-right: 4%;margin-top:0px;margin-bottom:20px;\"><div class=\"fusion-column-wrapper fusion-flex-column-wrapper-legacy\" style=\"background-position:left top;background-repeat:no-repeat;-webkit-background-size:cover;-moz-background-size:cover;-o-background-size:cover;background-size:cover;padding: 0px 0px 0px 0px;\"><div class=\"fusion-clearfix\"><\/div><\/div><\/div><div class=\"fusion-layout-column fusion_builder_column fusion-builder-column-1 fusion_builder_column_2_3 2_3 fusion-two-third\" style=\"width:66.666666666667%;width:calc(66.666666666667% - ( ( 4% + 4% ) * 0.66666666666667 ) );margin-right: 4%;margin-top:0px;margin-bottom:20px;\"><div class=\"fusion-column-wrapper fusion-flex-column-wrapper-legacy\" style=\"background-position:left top;background-repeat:no-repeat;-webkit-background-size:cover;-moz-background-size:cover;-o-background-size:cover;background-size:cover;padding: 0px 0px 0px 0px;\"><div class=\"fusion-text fusion-text-1\"><h2 class=\"font-color-red\" style=\"text-align: center;\">Abk\u00fcrzungen<\/h2>\n<\/div><div class=\"fusion-sep-clear\"><\/div><div class=\"fusion-separator\" style=\"margin-left: auto;margin-right: auto;margin-bottom:30px;width:100%;max-width:123px;\"><div class=\"fusion-separator-border sep-single sep-solid\" style=\"border-color:#ed222f;border-top-width:8px;\"><\/div><\/div><div class=\"fusion-sep-clear\"><\/div><div class=\"fusion-text fusion-text-2\"><table>\n<tbody>\n<tr>\n<td width=\"80\">DACH<\/td>\n<td>Abk\u00fcrzung f\u00fcr Deutschland &#8211; \u00d6sterreich &#8211; Schweiz<\/td>\n<\/tr>\n<tr>\n<td>EEK<\/td>\n<td>Eidgen\u00f6ssische Ern\u00e4hrungskommission<\/td>\n<\/tr>\n<tr>\n<td>EFSA<\/td>\n<td>Europ\u00e4ische Beh\u00f6rde f\u00fcr Lebensmittelsicherheit<\/td>\n<\/tr>\n<tr>\n<td>g<\/td>\n<td>Gramm<\/td>\n<\/tr>\n<tr>\n<td>IU<\/td>\n<td>Internationale Einheiten<\/td>\n<\/tr>\n<tr>\n<td>k.A.<\/td>\n<td>keine Angaben<\/td>\n<\/tr>\n<tr>\n<td>kcal<\/td>\n<td>Kilokalorien (umgangssprachlich: Kalorien)<\/td>\n<\/tr>\n<tr>\n<td>kJ<\/td>\n<td>Kilojoule (umgangssprachlich: Joule)<\/td>\n<\/tr>\n<tr>\n<td>mg<\/td>\n<td>Milligramm<\/td>\n<\/tr>\n<tr>\n<td>ml<\/td>\n<td>Milliliter<\/td>\n<\/tr>\n<tr>\n<td>Sp.<\/td>\n<td>Spuren<\/td>\n<\/tr>\n<tr>\n<td>\u03bcg<\/td>\n<td>Mikrogramm<\/td>\n<\/tr>\n<tr>\n<td>mg-ATE<\/td>\n<td>Milligramm alpha-Tocopherol-\u00c4quivalente<\/td>\n<\/tr>\n<tr>\n<td>\u03bcg-BCE<\/td>\n<td>Mikrogramm Betacarotin-\u00c4quivalente<\/td>\n<\/tr>\n<tr>\n<td>\u03bcg-RE<\/td>\n<td>Mikrogramm Retinol-\u00c4quivalente<\/td>\n<\/tr>\n<tr>\n<td>&lt;<\/td>\n<td>Kleiner als<\/td>\n<\/tr>\n<tr>\n<td>&gt;<\/td>\n<td>Gr\u00f6sser als<\/td>\n<\/tr>\n<\/tbody>\n<\/table>\n<\/div><div class=\"fusion-clearfix\"><\/div><\/div><\/div><div class=\"fusion-layout-column fusion_builder_column fusion-builder-column-2 fusion_builder_column_1_6 1_6 fusion-one-sixth fusion-column-last heading-section\" style=\"width:16.666666666667%;width:calc(16.666666666667% - ( ( 4% + 4% ) * 0.16666666666667 ) );margin-top:0px;margin-bottom:20px;\"><div class=\"fusion-column-wrapper fusion-flex-column-wrapper-legacy\" style=\"background-position:left top;background-repeat:no-repeat;-webkit-background-size:cover;-moz-background-size:cover;-o-background-size:cover;background-size:cover;padding: 0px 0px 0px 0px;\"><div class=\"fusion-clearfix\"><\/div><\/div><\/div><\/div><\/div>\n","protected":false},"excerpt":{"rendered":"","protected":false},"author":2,"featured_media":0,"parent":0,"menu_order":0,"comment_status":"closed","ping_status":"closed","template":"100-width.php","meta":{"footnotes":""},"class_list":["post-982","page","type-page","status-publish","hentry"],"yoast_head":"<!-- This site is optimized with the Yoast SEO plugin v23.9 - https:\/\/yoast.com\/wordpress\/plugins\/seo\/ -->\n<title>Abk\u00fcrzungen - The Swiss Food Composition Database<\/title>\n<meta name=\"robots\" content=\"index, follow, max-snippet:-1, max-image-preview:large, max-video-preview:-1\" \/>\n<link rel=\"canonical\" href=\"https:\/\/webapp.test.blv.foodcase-services.com\/de\/informationen-2-2\/\" \/>\n<meta property=\"og:locale\" content=\"de_DE\" \/>\n<meta property=\"og:type\" content=\"article\" \/>\n<meta property=\"og:title\" content=\"Abk\u00fcrzungen - The Swiss Food Composition Database\" \/>\n<meta property=\"og:url\" content=\"https:\/\/webapp.test.blv.foodcase-services.com\/de\/informationen-2-2\/\" \/>\n<meta property=\"og:site_name\" content=\"The Swiss Food Composition Database\" \/>\n<meta property=\"article:modified_time\" content=\"2021-03-02T08:36:21+00:00\" \/>\n<meta name=\"twitter:card\" content=\"summary_large_image\" \/>\n<meta name=\"twitter:label1\" content=\"Gesch\u00e4tzte Lesezeit\" \/>\n\t<meta name=\"twitter:data1\" content=\"1\u00a0Minute\" \/>\n<script type=\"application\/ld+json\" class=\"yoast-schema-graph\">{\"@context\":\"https:\/\/schema.org\",\"@graph\":[{\"@type\":\"WebPage\",\"@id\":\"https:\/\/webapp.test.blv.foodcase-services.com\/de\/informationen-2-2\/\",\"url\":\"https:\/\/webapp.test.blv.foodcase-services.com\/de\/informationen-2-2\/\",\"name\":\"Abk\u00fcrzungen - The Swiss Food Composition Database\",\"isPartOf\":{\"@id\":\"https:\/\/webapp.test.blv.foodcase-services.com\/en\/#website\"},\"datePublished\":\"2018-10-16T05:45:58+00:00\",\"dateModified\":\"2021-03-02T08:36:21+00:00\",\"breadcrumb\":{\"@id\":\"https:\/\/webapp.test.blv.foodcase-services.com\/de\/informationen-2-2\/#breadcrumb\"},\"inLanguage\":\"de\",\"potentialAction\":[{\"@type\":\"ReadAction\",\"target\":[\"https:\/\/webapp.test.blv.foodcase-services.com\/de\/informationen-2-2\/\"]}]},{\"@type\":\"BreadcrumbList\",\"@id\":\"https:\/\/webapp.test.blv.foodcase-services.com\/de\/informationen-2-2\/#breadcrumb\",\"itemListElement\":[{\"@type\":\"ListItem\",\"position\":1,\"name\":\"Home\",\"item\":\"https:\/\/webapp.test.blv.foodcase-services.com\/de\/\"},{\"@type\":\"ListItem\",\"position\":2,\"name\":\"Abk\u00fcrzungen\"}]},{\"@type\":\"WebSite\",\"@id\":\"https:\/\/webapp.test.blv.foodcase-services.com\/en\/#website\",\"url\":\"https:\/\/webapp.test.blv.foodcase-services.com\/en\/\",\"name\":\"The Swiss Food Composition Database\",\"description\":\"The Swiss Food Composition Database is a data collection of the Federal Food Safety and Veterinary Office FSVO on the composition of foods that are available in Switzerland.\",\"potentialAction\":[{\"@type\":\"SearchAction\",\"target\":{\"@type\":\"EntryPoint\",\"urlTemplate\":\"https:\/\/webapp.test.blv.foodcase-services.com\/en\/?s={search_term_string}\"},\"query-input\":{\"@type\":\"PropertyValueSpecification\",\"valueRequired\":true,\"valueName\":\"search_term_string\"}}],\"inLanguage\":\"de\"}]}<\/script>\n<!-- \/ Yoast SEO plugin. -->","yoast_head_json":{"title":"Abk\u00fcrzungen - The Swiss Food Composition Database","robots":{"index":"index","follow":"follow","max-snippet":"max-snippet:-1","max-image-preview":"max-image-preview:large","max-video-preview":"max-video-preview:-1"},"canonical":"https:\/\/webapp.test.blv.foodcase-services.com\/de\/informationen-2-2\/","og_locale":"de_DE","og_type":"article","og_title":"Abk\u00fcrzungen - The Swiss Food Composition Database","og_url":"https:\/\/webapp.test.blv.foodcase-services.com\/de\/informationen-2-2\/","og_site_name":"The Swiss Food Composition Database","article_modified_time":"2021-03-02T08:36:21+00:00","twitter_card":"summary_large_image","twitter_misc":{"Gesch\u00e4tzte Lesezeit":"1\u00a0Minute"},"schema":{"@context":"https:\/\/schema.org","@graph":[{"@type":"WebPage","@id":"https:\/\/webapp.test.blv.foodcase-services.com\/de\/informationen-2-2\/","url":"https:\/\/webapp.test.blv.foodcase-services.com\/de\/informationen-2-2\/","name":"Abk\u00fcrzungen - The Swiss Food Composition Database","isPartOf":{"@id":"https:\/\/webapp.test.blv.foodcase-services.com\/en\/#website"},"datePublished":"2018-10-16T05:45:58+00:00","dateModified":"2021-03-02T08:36:21+00:00","breadcrumb":{"@id":"https:\/\/webapp.test.blv.foodcase-services.com\/de\/informationen-2-2\/#breadcrumb"},"inLanguage":"de","potentialAction":[{"@type":"ReadAction","target":["https:\/\/webapp.test.blv.foodcase-services.com\/de\/informationen-2-2\/"]}]},{"@type":"BreadcrumbList","@id":"https:\/\/webapp.test.blv.foodcase-services.com\/de\/informationen-2-2\/#breadcrumb","itemListElement":[{"@type":"ListItem","position":1,"name":"Home","item":"https:\/\/webapp.test.blv.foodcase-services.com\/de\/"},{"@type":"ListItem","position":2,"name":"Abk\u00fcrzungen"}]},{"@type":"WebSite","@id":"https:\/\/webapp.test.blv.foodcase-services.com\/en\/#website","url":"https:\/\/webapp.test.blv.foodcase-services.com\/en\/","name":"The Swiss Food Composition Database","description":"The Swiss Food Composition Database is a data collection of the Federal Food Safety and Veterinary Office FSVO on the composition of foods that are available in Switzerland.","potentialAction":[{"@type":"SearchAction","target":{"@type":"EntryPoint","urlTemplate":"https:\/\/webapp.test.blv.foodcase-services.com\/en\/?s={search_term_string}"},"query-input":{"@type":"PropertyValueSpecification","valueRequired":true,"valueName":"search_term_string"}}],"inLanguage":"de"}]}},"_links":{"self":[{"href":"https:\/\/webapp.test.blv.foodcase-services.com\/de\/wp-json\/wp\/v2\/pages\/982","targetHints":{"allow":["GET"]}}],"collection":[{"href":"https:\/\/webapp.test.blv.foodcase-services.com\/de\/wp-json\/wp\/v2\/pages"}],"about":[{"href":"https:\/\/webapp.test.blv.foodcase-services.com\/de\/wp-json\/wp\/v2\/types\/page"}],"author":[{"embeddable":true,"href":"https:\/\/webapp.test.blv.foodcase-services.com\/de\/wp-json\/wp\/v2\/users\/2"}],"replies":[{"embeddable":true,"href":"https:\/\/webapp.test.blv.foodcase-services.com\/de\/wp-json\/wp\/v2\/comments?post=982"}],"version-history":[{"count":8,"href":"https:\/\/webapp.test.blv.foodcase-services.com\/de\/wp-json\/wp\/v2\/pages\/982\/revisions"}],"predecessor-version":[{"id":1769,"href":"https:\/\/webapp.test.blv.foodcase-services.com\/de\/wp-json\/wp\/v2\/pages\/982\/revisions\/1769"}],"wp:attachment":[{"href":"https:\/\/webapp.test.blv.foodcase-services.com\/de\/wp-json\/wp\/v2\/media?parent=982"}],"curies":[{"name":"wp","href":"https:\/\/api.w.org\/{rel}","templated":true}]}}