{"id":989,"date":"2018-10-16T05:53:25","date_gmt":"2018-10-16T05:53:25","guid":{"rendered":"https:\/\/app.blv.foodcase-services.com\/interpretation-des-donnees-nutritionnelles\/"},"modified":"2019-02-04T15:39:33","modified_gmt":"2019-02-04T14:39:33","slug":"interpretation-des-donnees-nutritionnelles","status":"publish","type":"page","link":"https:\/\/webapp.test.blv.foodcase-services.com\/fr\/interpretation-des-donnees-nutritionnelles\/","title":{"rendered":"Interpr\u00e9tation des donn\u00e9es nutritionnelles"},"content":{"rendered":"<div class=\"fusion-fullwidth fullwidth-box fusion-builder-row-1 nonhundred-percent-fullwidth non-hundred-percent-height-scrolling\" style=\"background-color: #ffffff;background-position: center center;background-repeat: no-repeat;padding-top:60px;padding-right:0px;padding-bottom:60px;padding-left:0px;margin-bottom: 0px;border-width: 0px 0px 0px 0px;border-color:#eae9e9;border-style:solid;\" ><div class=\"fusion-builder-row fusion-row\"><div class=\"fusion-layout-column fusion_builder_column fusion-builder-column-0 fusion_builder_column_1_6 1_6 fusion-one-sixth fusion-column-first\" style=\"width:16.666666666667%;width:calc(16.666666666667% - ( ( 4% + 4% ) * 0.16666666666667 ) );margin-right: 4%;margin-top:0px;margin-bottom:20px;\"><div class=\"fusion-column-wrapper fusion-flex-column-wrapper-legacy\" style=\"background-position:left top;background-repeat:no-repeat;-webkit-background-size:cover;-moz-background-size:cover;-o-background-size:cover;background-size:cover;padding: 0px 0px 0px 0px;\"><div class=\"fusion-clearfix\"><\/div><\/div><\/div><div class=\"fusion-layout-column fusion_builder_column fusion-builder-column-1 fusion_builder_column_2_3 2_3 fusion-two-third\" style=\"width:66.666666666667%;width:calc(66.666666666667% - ( ( 4% + 4% ) * 0.66666666666667 ) );margin-right: 4%;margin-top:0px;margin-bottom:20px;\"><div class=\"fusion-column-wrapper fusion-flex-column-wrapper-legacy\" style=\"background-position:left top;background-repeat:no-repeat;-webkit-background-size:cover;-moz-background-size:cover;-o-background-size:cover;background-size:cover;padding: 0px 0px 0px 0px;\"><div class=\"fusion-text fusion-text-1\"><h2 class=\"font-color-red\" style=\"text-align: center;\">Interpr\u00e9tation des donn\u00e9es nutritionnelles<\/h2>\n<\/div><div class=\"fusion-sep-clear\"><\/div><div class=\"fusion-separator\" style=\"margin-left: auto;margin-right: auto;margin-bottom:30px;width:100%;max-width:123px;\"><div class=\"fusion-separator-border sep-single sep-solid\" style=\"border-color:#ed222f;border-top-width:8px;\"><\/div><\/div><div class=\"fusion-sep-clear\"><\/div><div class=\"fusion-text fusion-text-2\"><p>Toutes les donn\u00e9es se r\u00e9f\u00e8rent \u00e0 une portion comestible de 100 g pour les aliments solides ou de 100 ml pour les liquides alimentaires. Les parties non comestibles telles que noyau, p\u00e9pins, os, etc. ne sont pas comprises. Sauf indication contraire, les donn\u00e9es pr\u00e9sentes se r\u00e9f\u00e8rent \u00e0 des aliments frais, crus et non transform\u00e9s.<\/p>\n<p>Ci-apr\u00e8s quelques exemples pour plus de clart\u00e9:<\/p>\n<table style=\"margin-bottom: 15px;\">\n<tbody>\n<tr>\n<td width=\"130px\">100 g de bananes<\/td>\n<td width=\"30px\">=<\/td>\n<td>100 g de bananes pel\u00e9es<\/td>\n<\/tr>\n<tr>\n<td>100 g de p\u00eaches<\/td>\n<td>=<\/td>\n<td>100 g de p\u00eaches d\u00e9noyaut\u00e9es<\/td>\n<\/tr>\n<tr>\n<td>100 g de cerises<\/td>\n<td>=<\/td>\n<td>100 g de cerises sans queue et d\u00e9noyaut\u00e9es<\/td>\n<\/tr>\n<tr>\n<td>100 g de noix<\/td>\n<td>=<\/td>\n<td>100 g de noix d\u00e9cortiqu\u00e9es<\/td>\n<\/tr>\n<tr>\n<td>100 g de c\u00f4telette<\/td>\n<td>=<\/td>\n<td>100 g de c\u00f4telette sans os<\/td>\n<\/tr>\n<tr>\n<td>100 g de truite<\/td>\n<td>=<\/td>\n<td>100 g de truite sans ar\u00eate, sans t\u00eate, etc.<\/td>\n<\/tr>\n<\/tbody>\n<\/table>\n<p>Les donn\u00e9es constituent des valeurs moyennes et ne doivent pas \u00eatre interpr\u00e9t\u00e9es comme des grandeurs absolues. En effet, la teneur en nutriments d\u2019un aliment est sujette \u00e0 des variations naturelles. La composition individuelle d\u2019un aliment d\u00e9pend de facteurs tels que le climat, le degr\u00e9 de maturit\u00e9, la saison, la provenance, la vari\u00e9t\u00e9, les conditions de stockage et de transformation, etc.<\/p>\n<p>En ce qui concerne les produits transform\u00e9s, tels que la charcuterie, les produits laitiers ou les biscuits, les diverses recettes ont pour cons\u00e9quence des diff\u00e9rences consid\u00e9rables au niveau des valeurs nutritives.<\/p>\n<p>La somme des nutriments n\u2019est pas toujours exactement \u00e9gale \u00e0 100 g. Les raisons peuvent en \u00eatre les suivantes:<\/p>\n<ul>\n<li>Les donn\u00e9es se r\u00e9f\u00e8rent \u00e0 100 ml et l\u2019aliment poss\u00e8de une densit\u00e9 sup\u00e9rieure ou inf\u00e9rieure \u00e0 1. Une densit\u00e9 &gt;1 g\/ml signifie par exemple que 100 ml p\u00e8sent plus de 100 g et donc que la somme des nutriments est sup\u00e9rieure \u00e0 100 g.<\/li>\n<li>Les diverses donn\u00e9es proviennent d\u2019analyses et\/ou de sources diff\u00e9rentes. Des \u00e9carts de +\/- 5% sont tol\u00e9r\u00e9s.<\/li>\n<\/ul>\n<p>La base de donn\u00e9es suisse des valeurs nutritives mentionne plusieurs pr\u00e9parations (p. ex. la tarte aux pommes ou le risotto) et aliments (p. ex. des pains) dont on a calcul\u00e9 la valeur nutritive. Pour cela, on a retenu autant que possible des recettes standard courantes. Sauf indication contraire, les recettes dont la pr\u00e9paration implique une adjonction de sel ont \u00e9t\u00e9 calcul\u00e9es avec du sel non iod\u00e9.<\/p>\n<p>Si des indications concernant sa valeur nutritive figurent sur un aliment d\u00e9termin\u00e9 (p. ex., sur son emballage ou sur le site Internet de l\u2019entreprise), elles doivent g\u00e9n\u00e9ralement \u00eatre par rapport aux entr\u00e9es g\u00e9n\u00e9riques\u00b9 qui figurent dans la base de donn\u00e9es suisse des valeurs nutritives.<\/p>\n<p>De m\u00eame, les quantit\u00e9s d\u00e9clar\u00e9es sur les emballages repr\u00e9sentent des valeurs moyennes, qui ont \u00e9t\u00e9 analys\u00e9es ou calcul\u00e9es (p. ex., \u00e0 l\u2019aide de la base de donn\u00e9es suisse des valeurs nutritives). Elles doivent refl\u00e9ter la teneur en nutriments au moment de la remise (soit jusqu\u2019\u00e0 l\u2019expiration de la date limite de consommation ou de conservation) et se r\u00e9f\u00e9rer aux aliments pr\u00eats \u00e0 consommer.<\/p>\n<p>1) Par aliments g\u00e9n\u00e9riques, nous entendons des aliments g\u00e9n\u00e9raux\/moyens sans relation avec un fabricant ou un fournisseur particulier.<\/p>\n<\/div><div class=\"fusion-clearfix\"><\/div><\/div><\/div><div class=\"fusion-layout-column fusion_builder_column fusion-builder-column-2 fusion_builder_column_1_6 1_6 fusion-one-sixth fusion-column-last heading-section\" style=\"width:16.666666666667%;width:calc(16.666666666667% - ( ( 4% + 4% ) * 0.16666666666667 ) );margin-top:0px;margin-bottom:20px;\"><div class=\"fusion-column-wrapper fusion-flex-column-wrapper-legacy\" style=\"background-position:left top;background-repeat:no-repeat;-webkit-background-size:cover;-moz-background-size:cover;-o-background-size:cover;background-size:cover;padding: 0px 0px 0px 0px;\"><div class=\"fusion-clearfix\"><\/div><\/div><\/div><\/div><\/div>\n","protected":false},"excerpt":{"rendered":"","protected":false},"author":2,"featured_media":0,"parent":0,"menu_order":0,"comment_status":"closed","ping_status":"closed","template":"100-width.php","meta":{"footnotes":""},"class_list":["post-989","page","type-page","status-publish","hentry"],"yoast_head":"<!-- This site is optimized with the Yoast SEO plugin v23.9 - https:\/\/yoast.com\/wordpress\/plugins\/seo\/ -->\n<title>Interpr\u00e9tation des donn\u00e9es nutritionnelles - The Swiss Food Composition Database<\/title>\n<meta name=\"robots\" content=\"index, follow, max-snippet:-1, max-image-preview:large, max-video-preview:-1\" \/>\n<link rel=\"canonical\" href=\"https:\/\/webapp.test.blv.foodcase-services.com\/fr\/interpretation-des-donnees-nutritionnelles\/\" \/>\n<meta property=\"og:locale\" content=\"fr_FR\" \/>\n<meta property=\"og:type\" content=\"article\" \/>\n<meta property=\"og:title\" content=\"Interpr\u00e9tation des donn\u00e9es nutritionnelles - The Swiss Food Composition Database\" \/>\n<meta property=\"og:url\" content=\"https:\/\/webapp.test.blv.foodcase-services.com\/fr\/interpretation-des-donnees-nutritionnelles\/\" \/>\n<meta property=\"og:site_name\" content=\"The Swiss Food Composition Database\" \/>\n<meta property=\"article:modified_time\" content=\"2019-02-04T14:39:33+00:00\" \/>\n<meta name=\"twitter:card\" content=\"summary_large_image\" \/>\n<meta name=\"twitter:label1\" content=\"Dur\u00e9e de lecture estim\u00e9e\" \/>\n\t<meta name=\"twitter:data1\" content=\"5 minutes\" \/>\n<script type=\"application\/ld+json\" class=\"yoast-schema-graph\">{\"@context\":\"https:\/\/schema.org\",\"@graph\":[{\"@type\":\"WebPage\",\"@id\":\"https:\/\/webapp.test.blv.foodcase-services.com\/fr\/interpretation-des-donnees-nutritionnelles\/\",\"url\":\"https:\/\/webapp.test.blv.foodcase-services.com\/fr\/interpretation-des-donnees-nutritionnelles\/\",\"name\":\"Interpr\u00e9tation des donn\u00e9es nutritionnelles - The Swiss Food Composition Database\",\"isPartOf\":{\"@id\":\"https:\/\/webapp.test.blv.foodcase-services.com\/en\/#website\"},\"datePublished\":\"2018-10-16T05:53:25+00:00\",\"dateModified\":\"2019-02-04T14:39:33+00:00\",\"breadcrumb\":{\"@id\":\"https:\/\/webapp.test.blv.foodcase-services.com\/fr\/interpretation-des-donnees-nutritionnelles\/#breadcrumb\"},\"inLanguage\":\"fr-FR\",\"potentialAction\":[{\"@type\":\"ReadAction\",\"target\":[\"https:\/\/webapp.test.blv.foodcase-services.com\/fr\/interpretation-des-donnees-nutritionnelles\/\"]}]},{\"@type\":\"BreadcrumbList\",\"@id\":\"https:\/\/webapp.test.blv.foodcase-services.com\/fr\/interpretation-des-donnees-nutritionnelles\/#breadcrumb\",\"itemListElement\":[{\"@type\":\"ListItem\",\"position\":1,\"name\":\"Home\",\"item\":\"https:\/\/webapp.test.blv.foodcase-services.com\/fr\/\"},{\"@type\":\"ListItem\",\"position\":2,\"name\":\"Interpr\u00e9tation des donn\u00e9es nutritionnelles\"}]},{\"@type\":\"WebSite\",\"@id\":\"https:\/\/webapp.test.blv.foodcase-services.com\/en\/#website\",\"url\":\"https:\/\/webapp.test.blv.foodcase-services.com\/en\/\",\"name\":\"The Swiss Food Composition Database\",\"description\":\"The Swiss Food Composition Database is a data collection of the Federal Food Safety and Veterinary Office FSVO on the composition of foods that are available in Switzerland.\",\"potentialAction\":[{\"@type\":\"SearchAction\",\"target\":{\"@type\":\"EntryPoint\",\"urlTemplate\":\"https:\/\/webapp.test.blv.foodcase-services.com\/en\/?s={search_term_string}\"},\"query-input\":{\"@type\":\"PropertyValueSpecification\",\"valueRequired\":true,\"valueName\":\"search_term_string\"}}],\"inLanguage\":\"fr-FR\"}]}<\/script>\n<!-- \/ Yoast SEO plugin. -->","yoast_head_json":{"title":"Interpr\u00e9tation des donn\u00e9es nutritionnelles - The Swiss Food Composition Database","robots":{"index":"index","follow":"follow","max-snippet":"max-snippet:-1","max-image-preview":"max-image-preview:large","max-video-preview":"max-video-preview:-1"},"canonical":"https:\/\/webapp.test.blv.foodcase-services.com\/fr\/interpretation-des-donnees-nutritionnelles\/","og_locale":"fr_FR","og_type":"article","og_title":"Interpr\u00e9tation des donn\u00e9es nutritionnelles - The Swiss Food Composition Database","og_url":"https:\/\/webapp.test.blv.foodcase-services.com\/fr\/interpretation-des-donnees-nutritionnelles\/","og_site_name":"The Swiss Food Composition Database","article_modified_time":"2019-02-04T14:39:33+00:00","twitter_card":"summary_large_image","twitter_misc":{"Dur\u00e9e de lecture estim\u00e9e":"5 minutes"},"schema":{"@context":"https:\/\/schema.org","@graph":[{"@type":"WebPage","@id":"https:\/\/webapp.test.blv.foodcase-services.com\/fr\/interpretation-des-donnees-nutritionnelles\/","url":"https:\/\/webapp.test.blv.foodcase-services.com\/fr\/interpretation-des-donnees-nutritionnelles\/","name":"Interpr\u00e9tation des donn\u00e9es nutritionnelles - The Swiss Food Composition Database","isPartOf":{"@id":"https:\/\/webapp.test.blv.foodcase-services.com\/en\/#website"},"datePublished":"2018-10-16T05:53:25+00:00","dateModified":"2019-02-04T14:39:33+00:00","breadcrumb":{"@id":"https:\/\/webapp.test.blv.foodcase-services.com\/fr\/interpretation-des-donnees-nutritionnelles\/#breadcrumb"},"inLanguage":"fr-FR","potentialAction":[{"@type":"ReadAction","target":["https:\/\/webapp.test.blv.foodcase-services.com\/fr\/interpretation-des-donnees-nutritionnelles\/"]}]},{"@type":"BreadcrumbList","@id":"https:\/\/webapp.test.blv.foodcase-services.com\/fr\/interpretation-des-donnees-nutritionnelles\/#breadcrumb","itemListElement":[{"@type":"ListItem","position":1,"name":"Home","item":"https:\/\/webapp.test.blv.foodcase-services.com\/fr\/"},{"@type":"ListItem","position":2,"name":"Interpr\u00e9tation des donn\u00e9es nutritionnelles"}]},{"@type":"WebSite","@id":"https:\/\/webapp.test.blv.foodcase-services.com\/en\/#website","url":"https:\/\/webapp.test.blv.foodcase-services.com\/en\/","name":"The Swiss Food Composition Database","description":"The Swiss Food Composition Database is a data collection of the Federal Food Safety and Veterinary Office FSVO on the composition of foods that are available in Switzerland.","potentialAction":[{"@type":"SearchAction","target":{"@type":"EntryPoint","urlTemplate":"https:\/\/webapp.test.blv.foodcase-services.com\/en\/?s={search_term_string}"},"query-input":{"@type":"PropertyValueSpecification","valueRequired":true,"valueName":"search_term_string"}}],"inLanguage":"fr-FR"}]}},"_links":{"self":[{"href":"https:\/\/webapp.test.blv.foodcase-services.com\/fr\/wp-json\/wp\/v2\/pages\/989","targetHints":{"allow":["GET"]}}],"collection":[{"href":"https:\/\/webapp.test.blv.foodcase-services.com\/fr\/wp-json\/wp\/v2\/pages"}],"about":[{"href":"https:\/\/webapp.test.blv.foodcase-services.com\/fr\/wp-json\/wp\/v2\/types\/page"}],"author":[{"embeddable":true,"href":"https:\/\/webapp.test.blv.foodcase-services.com\/fr\/wp-json\/wp\/v2\/users\/2"}],"replies":[{"embeddable":true,"href":"https:\/\/webapp.test.blv.foodcase-services.com\/fr\/wp-json\/wp\/v2\/comments?post=989"}],"version-history":[{"count":5,"href":"https:\/\/webapp.test.blv.foodcase-services.com\/fr\/wp-json\/wp\/v2\/pages\/989\/revisions"}],"predecessor-version":[{"id":1212,"href":"https:\/\/webapp.test.blv.foodcase-services.com\/fr\/wp-json\/wp\/v2\/pages\/989\/revisions\/1212"}],"wp:attachment":[{"href":"https:\/\/webapp.test.blv.foodcase-services.com\/fr\/wp-json\/wp\/v2\/media?parent=989"}],"curies":[{"name":"wp","href":"https:\/\/api.w.org\/{rel}","templated":true}]}}